{"id":53,"date":"2026-05-15T22:12:10","date_gmt":"2026-05-15T22:12:10","guid":{"rendered":"https:\/\/ontesis.info\/?page_id=53"},"modified":"2026-05-15T22:18:43","modified_gmt":"2026-05-15T22:18:43","slug":"que-es-ontesis","status":"publish","type":"page","link":"https:\/\/ontesis.info\/?page_id=53","title":{"rendered":"Qu\u00e8 \u00e9s Ontesis?"},"content":{"rendered":"\n<h2 class=\"wp-block-heading\">Introducci\u00f3<\/h2>\n\n\n\n<p>Ontesis \u00e9s una filosofia racional dedicada a l\u2019estudi de:<\/p>\n\n\n\n<ul class=\"wp-block-list\">\n<li>l\u2019exist\u00e8ncia<\/li>\n\n\n\n<li>la realitat<\/li>\n\n\n\n<li>la consci\u00e8ncia<\/li>\n\n\n\n<li>i la vida<\/li>\n<\/ul>\n\n\n\n<p>Neix de la necessitat de tornar a formular les grans preguntes humanes sense dependre de:<\/p>\n\n\n\n<ul class=\"wp-block-list\">\n<li>dogmes<\/li>\n\n\n\n<li>religions<\/li>\n\n\n\n<li>ni explicacions imposades<\/li>\n<\/ul>\n\n\n\n<p>Ontesis no busca substituir una creen\u00e7a per una altra.<\/p>\n\n\n\n<p>Busca entendre la realitat amb m\u00e9s claredat.<\/p>\n\n\n\n<hr class=\"wp-block-separator has-alpha-channel-opacity\"\/>\n\n\n\n<h1 class=\"wp-block-heading\">L\u2019origen d\u2019Ontesis<\/h1>\n\n\n\n<p>Durant segles, moltes preguntes fonamentals han estat respostes amb idees constru\u00efdes a partir de:<\/p>\n\n\n\n<ul class=\"wp-block-list\">\n<li>tradicions<\/li>\n\n\n\n<li>mites<\/li>\n\n\n\n<li>autoritats<\/li>\n\n\n\n<li>o necessitats emocionals<\/li>\n<\/ul>\n\n\n\n<p>Preguntes com:<\/p>\n\n\n\n<ul class=\"wp-block-list\">\n<li>per qu\u00e8 existim?<\/li>\n\n\n\n<li>qu\u00e8 \u00e9s el temps?<\/li>\n\n\n\n<li>existeix el dest\u00ed?<\/li>\n\n\n\n<li>qu\u00e8 \u00e9s la consci\u00e8ncia?<\/li>\n\n\n\n<li>qu\u00e8 passa despr\u00e9s de la mort?<\/li>\n<\/ul>\n\n\n\n<p>sovint han rebut respostes absolutes sense proves suficients.<\/p>\n\n\n\n<p>Ontesis proposa una altra via:<\/p>\n\n\n\n<blockquote class=\"wp-block-quote is-layout-flow wp-block-quote-is-layout-flow\">\n<p>observar, q\u00fcestionar i acceptar els l\u00edmits del coneixement.<\/p>\n<\/blockquote>\n\n\n\n<hr class=\"wp-block-separator has-alpha-channel-opacity\"\/>\n\n\n\n<h1 class=\"wp-block-heading\">Per qu\u00e8 crear una nova filosofia?<\/h1>\n\n\n\n<p>Ontesis considera que moltes paraules tradicionals condicionen la manera com pensem.<\/p>\n\n\n\n<p>Conceptes com:<\/p>\n\n\n\n<ul class=\"wp-block-list\">\n<li>D\u00e9u<\/li>\n\n\n\n<li>\u00e0nima<\/li>\n\n\n\n<li>dest\u00ed<\/li>\n\n\n\n<li>eternitat<\/li>\n<\/ul>\n\n\n\n<p>ja porten interpretacions incorporades.<\/p>\n\n\n\n<p>Per aix\u00f2 Ontesis crea un llenguatge m\u00e9s prec\u00eds, amb nous conceptes que permeten formular millor les preguntes.<\/p>\n\n\n\n<p>No \u00e9s un intent de complicar la realitat.<\/p>\n\n\n\n<p>\u00c9s un intent d\u2019explicar-la amb m\u00e9s claredat.<\/p>\n\n\n\n<hr class=\"wp-block-separator has-alpha-channel-opacity\"\/>\n\n\n\n<h1 class=\"wp-block-heading\">Els pilars principals<\/h1>\n\n\n\n<h2 class=\"wp-block-heading\">El kholos<\/h2>\n\n\n\n<p>El <em>kholos<\/em> representa tot all\u00f2 que existeix o pot existir.<\/p>\n\n\n\n<p>No \u00e9s una entitat conscient ni un creador.<br>\u00c9s el marc absolut de la realitat.<\/p>\n\n\n\n<hr class=\"wp-block-separator has-alpha-channel-opacity\"\/>\n\n\n\n<h2 class=\"wp-block-heading\">El xia<\/h2>\n\n\n\n<p>El <em>xia<\/em> \u00e9s el canvi que dona origen a una realitat concreta.<\/p>\n\n\n\n<p>El nostre univers \u00e9s conseq\u00fc\u00e8ncia d\u2019un xia.<\/p>\n\n\n\n<hr class=\"wp-block-separator has-alpha-channel-opacity\"\/>\n\n\n\n<h2 class=\"wp-block-heading\">El saren i el varin<\/h2>\n\n\n\n<p>Ontesis proposa que els esdeveniments emergeixen a partir de:<\/p>\n\n\n\n<ul class=\"wp-block-list\">\n<li><em>saren<\/em> \u2192 condicions suficients<\/li>\n\n\n\n<li><em>varin<\/em> \u2192 variabilitat inherent<\/li>\n<\/ul>\n\n\n\n<p>Quan el saren \u00e9s prou gran:<\/p>\n\n\n\n<blockquote class=\"wp-block-quote is-layout-flow wp-block-quote-is-layout-flow\">\n<p>all\u00f2 possible esdev\u00e9 inevitable.<\/p>\n<\/blockquote>\n\n\n\n<p>A aix\u00f2 Ontesis li diu:<\/p>\n\n\n\n<blockquote class=\"wp-block-quote is-layout-flow wp-block-quote-is-layout-flow\">\n<p><em>glaran<\/em><\/p>\n<\/blockquote>\n\n\n\n<hr class=\"wp-block-separator has-alpha-channel-opacity\"\/>\n\n\n\n<h2 class=\"wp-block-heading\">El conar<\/h2>\n\n\n\n<p>El <em>conar<\/em> \u00e9s la consci\u00e8ncia individual.<\/p>\n\n\n\n<p>La capacitat de:<\/p>\n\n\n\n<ul class=\"wp-block-list\">\n<li>reflexionar<\/li>\n\n\n\n<li>entendre<\/li>\n\n\n\n<li>dubtar<\/li>\n\n\n\n<li>i q\u00fcestionar la realitat<\/li>\n<\/ul>\n\n\n\n<hr class=\"wp-block-separator has-alpha-channel-opacity\"\/>\n\n\n\n<h2 class=\"wp-block-heading\">L\u2019asvari<\/h2>\n\n\n\n<p>L\u2019<em>asvari<\/em> \u00e9s un estat d\u2019equilibri i serenor interna.<\/p>\n\n\n\n<p>Ontesis no busca un sentit extern per a la vida.<\/p>\n\n\n\n<p>Busca una manera coherent de viure-la.<\/p>\n\n\n\n<hr class=\"wp-block-separator has-alpha-channel-opacity\"\/>\n\n\n\n<h1 class=\"wp-block-heading\">Ontesis i el coneixement<\/h1>\n\n\n\n<p>Ontesis no afirma tenir totes les respostes.<\/p>\n\n\n\n<p>Accepta que hi ha l\u00edmits naturals al coneixement.<\/p>\n\n\n\n<p>Per aix\u00f2 defineix:<\/p>\n\n\n\n<ul class=\"wp-block-list\">\n<li><em>rilad<\/em> \u2192 all\u00f2 que no podem resoldre<\/li>\n\n\n\n<li><em>esnal<\/em> \u2192 all\u00f2 que no \u00e9s necessari resoldre<\/li>\n<\/ul>\n\n\n\n<p>No omple els buits amb creences.<\/p>\n\n\n\n<p>Accepta la incertesa com a part natural de l\u2019exist\u00e8ncia.<\/p>\n\n\n\n<hr class=\"wp-block-separator has-alpha-channel-opacity\"\/>\n\n\n\n<h1 class=\"wp-block-heading\">Ontesis no \u00e9s<\/h1>\n\n\n\n<p>Ontesis:<\/p>\n\n\n\n<ul class=\"wp-block-list\">\n<li>no \u00e9s una religi\u00f3<\/li>\n\n\n\n<li>no \u00e9s una secta<\/li>\n\n\n\n<li>no ofereix salvaci\u00f3<\/li>\n\n\n\n<li>no imposa normes absolutes<\/li>\n\n\n\n<li>ni promet respostes definitives<\/li>\n<\/ul>\n\n\n\n<p>\u00c9s una filosofia oberta i en evoluci\u00f3 constant.<\/p>\n\n\n\n<hr class=\"wp-block-separator has-alpha-channel-opacity\"\/>\n\n\n\n<h1 class=\"wp-block-heading\">El centre d\u2019Ontesis<\/h1>\n\n\n\n<p>Ontesis intenta comprendre:<\/p>\n\n\n\n<ul class=\"wp-block-list\">\n<li>com emergeix la realitat<\/li>\n\n\n\n<li>com apareix la vida<\/li>\n\n\n\n<li>com es desenvolupa la consci\u00e8ncia<\/li>\n\n\n\n<li>i com podem viure amb m\u00e9s claredat dins d\u2019un sistema immens i parcialment desconegut<\/li>\n<\/ul>\n\n\n\n<hr class=\"wp-block-separator has-alpha-channel-opacity\"\/>\n\n\n\n<h1 class=\"wp-block-heading\">Principi central<\/h1>\n\n\n\n<blockquote class=\"wp-block-quote is-layout-flow wp-block-quote-is-layout-flow\">\n<p>Tot el que pot passar, amb prou saren, acaba passant.<\/p>\n<\/blockquote>\n\n\n\n<p>Aquest principi resumeix la idea central d\u2019Ontesis:<br>els esdeveniments no segueixen un dest\u00ed escrit, sin\u00f3 que emergeixen de les condicions i de la variabilitat natural de la realitat.<\/p>\n\n\n\n<hr class=\"wp-block-separator has-alpha-channel-opacity\"\/>\n\n\n\n<h1 class=\"wp-block-heading\">Conclusi\u00f3<\/h1>\n\n\n\n<p>Ontesis no demana creure.<\/p>\n\n\n\n<p>Demana observar, q\u00fcestionar i comprendre.<\/p>\n\n\n\n<p>Perqu\u00e8 entendre millor la realitat \u00e9s tamb\u00e9 una manera de viure amb m\u00e9s serenor.<\/p>\n","protected":false},"excerpt":{"rendered":"<p>Introducci\u00f3 Ontesis \u00e9s una filosofia racional dedicada a l\u2019estudi de: Neix de la necessitat de tornar a formular les grans preguntes humanes sense dependre de: Ontesis no busca substituir una creen\u00e7a per una altra. Busca entendre la realitat amb m\u00e9s claredat. L\u2019origen d\u2019Ontesis Durant segles, moltes preguntes fonamentals han estat respostes amb idees constru\u00efdes a [&hellip;]<\/p>\n","protected":false},"author":1,"featured_media":0,"parent":0,"menu_order":0,"comment_status":"closed","ping_status":"closed","template":"","meta":{"footnotes":""},"class_list":["post-53","page","type-page","status-publish","hentry"],"_links":{"self":[{"href":"https:\/\/ontesis.info\/index.php?rest_route=\/wp\/v2\/pages\/53","targetHints":{"allow":["GET"]}}],"collection":[{"href":"https:\/\/ontesis.info\/index.php?rest_route=\/wp\/v2\/pages"}],"about":[{"href":"https:\/\/ontesis.info\/index.php?rest_route=\/wp\/v2\/types\/page"}],"author":[{"embeddable":true,"href":"https:\/\/ontesis.info\/index.php?rest_route=\/wp\/v2\/users\/1"}],"replies":[{"embeddable":true,"href":"https:\/\/ontesis.info\/index.php?rest_route=%2Fwp%2Fv2%2Fcomments&post=53"}],"version-history":[{"count":1,"href":"https:\/\/ontesis.info\/index.php?rest_route=\/wp\/v2\/pages\/53\/revisions"}],"predecessor-version":[{"id":57,"href":"https:\/\/ontesis.info\/index.php?rest_route=\/wp\/v2\/pages\/53\/revisions\/57"}],"wp:attachment":[{"href":"https:\/\/ontesis.info\/index.php?rest_route=%2Fwp%2Fv2%2Fmedia&parent=53"}],"curies":[{"name":"wp","href":"https:\/\/api.w.org\/{rel}","templated":true}]}}